{"id":12,"date":"2023-09-16T17:18:06","date_gmt":"2023-09-16T17:18:06","guid":{"rendered":"http:\/\/pottalok.is\/?page_id=12"},"modified":"2023-09-16T18:29:13","modified_gmt":"2023-09-16T18:29:13","slug":"about","status":"publish","type":"page","link":"https:\/\/pottalok.is\/?page_id=12","title":{"rendered":"Um okkur"},"content":{"rendered":"\t\t<div data-elementor-type=\"wp-page\" data-elementor-id=\"12\" class=\"elementor elementor-12\">\n\t\t\t\t<div class=\"elementor-element elementor-element-18e85a9 e-flex e-con-boxed e-con e-parent\" data-id=\"18e85a9\" data-element_type=\"container\">\n\t\t\t\t\t<div class=\"e-con-inner\">\n\t\t\t\t<div class=\"elementor-element elementor-element-cd8fd57 elementor-widget elementor-widget-text-editor\" data-id=\"cd8fd57\" data-element_type=\"widget\" data-widget_type=\"text-editor.default\">\n\t\t\t\t<div class=\"elementor-widget-container\">\n\t\t\t\t\t\t\t\t\t<p>\u00c1ri\u00f0 1995 h\u00f3f<img fetchpriority=\"high\" decoding=\"async\" class=\"size-medium wp-image-22 alignright\" src=\"http:\/\/pottalok.is\/wp-content\/uploads\/2023\/09\/folk-300x213.png\" alt=\"\" width=\"300\" height=\"213\" srcset=\"https:\/\/pottalok.is\/wp-content\/uploads\/2023\/09\/folk-300x213.png 300w, https:\/\/pottalok.is\/wp-content\/uploads\/2023\/09\/folk-600x425.png 600w, https:\/\/pottalok.is\/wp-content\/uploads\/2023\/09\/folk.png 625w\" sizes=\"(max-width: 300px) 100vw, 300px\" \/> Fjar\u00f0arb\u00f3lstrun a\u00f0 hanna og framlei\u00f0a yfirbrei\u00f0slur \u00e1 heita potta.<\/p><p>Fjar\u00f0arb\u00f3lstrun leggur miki\u00f0 upp \u00far v\u00f6ru\u00fer\u00f3un sem hefur skila\u00f0 fyrstaflokks v\u00f6ru vi\u00f0 \u00edslenskar a\u00f0st\u00e6\u00f0ur.<\/p><p><strong>Einangrunarlok:<\/strong><\/p><p>St\u00f6\u00f0lu\u00f0u lokin fr\u00e1 okkur eru \u00far 24 kg pressa\u00f0ri Polystyrene einangrun sem eru 10 cm \u00feykk vi\u00f0 l\u00f6m \u00ed 7 cm vi\u00f0 br\u00fan potts og hafa \u00fev\u00ed 3ja cm vatnshalla. Vi\u00f0 l\u00f6m loksins eru settar \u00e1lsk\u00faffur til styrkingar \u00e1 lokinu. \u00d6ll lok eru afgreidd me\u00f0 festingum og h\u00e6gt er a\u00f0 velja \u00e1 milli \u00feriggja mismundandi tegunda.<\/p><p>Vi\u00f0 framlei\u00f0um lokin, \u00feykkari, \u00feynnri, minni e\u00f0a me\u00f0 meiri pressu allt eftir \u00fe\u00ednum \u00f3skum.<\/p><p><strong>Yfirbrei\u00f0slur<\/strong>:<\/p><p>Yfirbrei\u00f0slur henta vel \u00fear sem ekki er st\u00f6\u00f0ugt vant \u00ed pottinum. Yfirbrei\u00f0slur eru \u00fdmist \u00far pvc f\u00ednm\u00f6skvu\u00f0u neti e\u00f0a pvc d\u00fak, \u00e1 yfirbrei\u00f0sluna eru settir \u00e1lpr\u00f3f\u00edlar sem leggjast \u00e1 br\u00fan pottsins og varna \u00fev\u00ed a\u00f0 yfirbrei\u00f0slan falli ofan \u00ed pottinn. Yfirbrei\u00f0slurnar varna \u00fev\u00ed a\u00f0 potturinn fyllist af ryki og \u00f3hreinindum \u00e1samt \u00fev\u00ed a\u00f0 tryggja \u00f6ryggi<\/p><p><strong>Vi\u00f0ger\u00f0ir<\/strong><\/p><p>Vi\u00f0 t\u00f6kum a\u00f0 okkur a\u00f0 gera vi\u00f0 allar ger\u00f0ir af lokum \u00feegar vi\u00f0 h\u00f6fum meti\u00f0 \u00e1stand \u00feess. Mj\u00f6g hj\u00e1lplegt getur veri\u00f0 a\u00f0 f\u00e1 myndir sendar sem \u00fatsk\u00fdra m\u00e1lin frekar.<\/p>\t\t\t\t\t\t\t\t<\/div>\n\t\t\t\t<\/div>\n\t\t\t\t\t<\/div>\n\t\t\t\t<\/div>\n\t\t\t\t<\/div>\n\t\t","protected":false},"excerpt":{"rendered":"<p>\u00c1ri\u00f0 1995 h\u00f3f Fjar\u00f0arb\u00f3lstrun a\u00f0 hanna og framlei\u00f0a yfirbrei\u00f0slur \u00e1 heita potta. Fjar\u00f0arb\u00f3lstrun leggur miki\u00f0 upp \u00far v\u00f6ru\u00fer\u00f3un sem hefur skila\u00f0 fyrstaflokks v\u00f6ru vi\u00f0 \u00edslenskar a\u00f0st\u00e6\u00f0ur. Einangrunarlok: St\u00f6\u00f0lu\u00f0u lokin fr\u00e1 okkur eru \u00far 24 kg pressa\u00f0ri Polystyrene einangrun sem eru 10 cm \u00feykk vi\u00f0 l\u00f6m \u00ed 7 cm vi\u00f0 br\u00fan potts og hafa \u00fev\u00ed 3ja &hellip; <\/p>\n<p class=\"link-more\"><a href=\"https:\/\/pottalok.is\/?page_id=12\" class=\"more-link\">Read more<span class=\"screen-reader-text\"> &#8220;Um okkur&#8221;<\/span><\/a><\/p>\n","protected":false},"author":1,"featured_media":28,"parent":0,"menu_order":0,"comment_status":"closed","ping_status":"closed","template":"","meta":{"footnotes":""},"class_list":["post-12","page","type-page","status-publish","has-post-thumbnail","hentry"],"_links":{"self":[{"href":"https:\/\/pottalok.is\/index.php?rest_route=\/wp\/v2\/pages\/12","targetHints":{"allow":["GET"]}}],"collection":[{"href":"https:\/\/pottalok.is\/index.php?rest_route=\/wp\/v2\/pages"}],"about":[{"href":"https:\/\/pottalok.is\/index.php?rest_route=\/wp\/v2\/types\/page"}],"author":[{"embeddable":true,"href":"https:\/\/pottalok.is\/index.php?rest_route=\/wp\/v2\/users\/1"}],"replies":[{"embeddable":true,"href":"https:\/\/pottalok.is\/index.php?rest_route=%2Fwp%2Fv2%2Fcomments&post=12"}],"version-history":[{"count":8,"href":"https:\/\/pottalok.is\/index.php?rest_route=\/wp\/v2\/pages\/12\/revisions"}],"predecessor-version":[{"id":97,"href":"https:\/\/pottalok.is\/index.php?rest_route=\/wp\/v2\/pages\/12\/revisions\/97"}],"wp:featuredmedia":[{"embeddable":true,"href":"https:\/\/pottalok.is\/index.php?rest_route=\/wp\/v2\/media\/28"}],"wp:attachment":[{"href":"https:\/\/pottalok.is\/index.php?rest_route=%2Fwp%2Fv2%2Fmedia&parent=12"}],"curies":[{"name":"wp","href":"https:\/\/api.w.org\/{rel}","templated":true}]}}