{"id":11,"date":"2023-09-16T17:18:06","date_gmt":"2023-09-16T17:18:06","guid":{"rendered":"http:\/\/pottalok.is\/?page_id=11"},"modified":"2023-09-17T13:20:02","modified_gmt":"2023-09-17T13:20:02","slug":"beautiful-portfolios-for-exceptional-creatives","status":"publish","type":"page","link":"https:\/\/pottalok.is\/","title":{"rendered":"Pottalok"},"content":{"rendered":"\t\t<div data-elementor-type=\"wp-page\" data-elementor-id=\"11\" class=\"elementor elementor-11\">\n\t\t\t\t<div class=\"elementor-element elementor-element-d073678 e-flex e-con-boxed e-con e-parent\" data-id=\"d073678\" data-element_type=\"container\">\n\t\t\t\t\t<div class=\"e-con-inner\">\n\t\t\t\t<div class=\"elementor-element elementor-element-8a8d5cc elementor-widget elementor-widget-text-editor\" data-id=\"8a8d5cc\" data-element_type=\"widget\" data-widget_type=\"text-editor.default\">\n\t\t\t\t<div class=\"elementor-widget-container\">\n\t\t\t\t\t\t\t\t\t<h2 class=\"title\" style=\"text-align: center;\">Hvernig m\u00e6lum vi\u00f0 fyrir loki ?<\/h2>\t\t\t\t\t\t\t\t<\/div>\n\t\t\t\t<\/div>\n\t\t\t\t\t<\/div>\n\t\t\t\t<\/div>\n\t\t<div class=\"elementor-element elementor-element-5b9c78e e-flex e-con-boxed e-con e-parent\" data-id=\"5b9c78e\" data-element_type=\"container\">\n\t\t\t\t\t<div class=\"e-con-inner\">\n\t\t<div class=\"elementor-element elementor-element-bd7f138 e-con-full e-flex e-con e-child\" data-id=\"bd7f138\" data-element_type=\"container\">\n\t\t\t\t<div class=\"elementor-element elementor-element-a83bb33 elementor-widget elementor-widget-text-editor\" data-id=\"a83bb33\" data-element_type=\"widget\" data-widget_type=\"text-editor.default\">\n\t\t\t\t<div class=\"elementor-widget-container\">\n\t\t\t\t\t\t\t\t\t<h4>Hva\u00f0a verkf\u00e6ri \u00fearf \u00e9g<\/h4><p>Til a\u00f0 m\u00e6la fyrir n\u00fdju loki er \u00fe\u00e1 \u00fearf a\u00f0 vera me\u00f0 vi\u00f0 h\u00f6ndina\u00a0<span style=\"color: red;\"><b>m\u00e1lband, bl\u00fdant og bla\u00f0.<\/b><\/span><\/p>\t\t\t\t\t\t\t\t<\/div>\n\t\t\t\t<\/div>\n\t\t\t\t<\/div>\n\t\t<div class=\"elementor-element elementor-element-c83db05 e-con-full e-flex e-con e-child\" data-id=\"c83db05\" data-element_type=\"container\">\n\t\t\t\t<div class=\"elementor-element elementor-element-fadb38c elementor-widget elementor-widget-text-editor\" data-id=\"fadb38c\" data-element_type=\"widget\" data-widget_type=\"text-editor.default\">\n\t\t\t\t<div class=\"elementor-widget-container\">\n\t\t\t\t\t\t\t\t\t<h4>\u00f6nnur verkf\u00e6ri<\/h4><p>Ef potturinn hefur r\u00fanu\u00f0 horn er einnig gott a\u00f0 hafa\u00a0<span style=\"color: red;\"><b>vinkil<\/b><\/span>\u00a0vi\u00f0 h\u00f6ndina til a\u00f0 m\u00e6la rad\u00edusinn \u00e1 lokinu.<\/p>\t\t\t\t\t\t\t\t<\/div>\n\t\t\t\t<\/div>\n\t\t\t\t<\/div>\n\t\t<div class=\"elementor-element elementor-element-0eacc4f e-con-full e-flex e-con e-child\" data-id=\"0eacc4f\" data-element_type=\"container\">\n\t\t\t\t<div class=\"elementor-element elementor-element-a9dd6a5 elementor-widget elementor-widget-text-editor\" data-id=\"a9dd6a5\" data-element_type=\"widget\" data-widget_type=\"text-editor.default\">\n\t\t\t\t<div class=\"elementor-widget-container\">\n\t\t\t\t\t\t\t\t\t<h4>Skref 1<\/h4><p>Ef ytra byr\u00f0i pottsins hefur br\u00fan sem potturinn situr \u00e1 \u00fe\u00e1 getur \u00fe\u00fa vali\u00f0 hvort svuntan liggur ni\u00f0ur a\u00f0 br\u00faninni e\u00f0a ni\u00f0ur fyrir hana.<\/p>\t\t\t\t\t\t\t\t<\/div>\n\t\t\t\t<\/div>\n\t\t\t\t<\/div>\n\t\t<div class=\"elementor-element elementor-element-bfe7c2f e-con-full e-flex e-con e-child\" data-id=\"bfe7c2f\" data-element_type=\"container\">\n\t\t\t\t<div class=\"elementor-element elementor-element-c6554ee elementor-widget elementor-widget-text-editor\" data-id=\"c6554ee\" data-element_type=\"widget\" data-widget_type=\"text-editor.default\">\n\t\t\t\t<div class=\"elementor-widget-container\">\n\t\t\t\t\t\t\t\t\t<h4>Skref 2<\/h4><p>M\u00e6la st\u00e6r\u00f0 loksins, \u00devert yfirloki\u00f0 , skrifa \u00fea\u00f0 ni\u00f0ur<\/p>\t\t\t\t\t\t\t\t<\/div>\n\t\t\t\t<\/div>\n\t\t\t\t<\/div>\n\t\t<div class=\"elementor-element elementor-element-636b4da e-con-full e-flex e-con e-child\" data-id=\"636b4da\" data-element_type=\"container\">\n\t\t\t\t<div class=\"elementor-element elementor-element-34dc2c7 elementor-widget elementor-widget-text-editor\" data-id=\"34dc2c7\" data-element_type=\"widget\" data-widget_type=\"text-editor.default\">\n\t\t\t\t<div class=\"elementor-widget-container\">\n\t\t\t\t\t\t\t\t\t<h4>Skref 3<\/h4><p>M\u00e6ling \u00e1 rad\u00edus horna , nota\u00f0u vinkil til a\u00f0 m\u00e6la \u00fea\u00f0. Hver er svuntu s\u00edddin. M\u00e6la \u00fea\u00f0 og skrifa \u00fea\u00f0 ni\u00f0ur<\/p>\t\t\t\t\t\t\t\t<\/div>\n\t\t\t\t<\/div>\n\t\t\t\t<\/div>\n\t\t<div class=\"elementor-element elementor-element-9e75cc8 e-con-full e-flex e-con e-child\" data-id=\"9e75cc8\" data-element_type=\"container\">\n\t\t\t\t<div class=\"elementor-element elementor-element-82a986e elementor-widget elementor-widget-text-editor\" data-id=\"82a986e\" data-element_type=\"widget\" data-widget_type=\"text-editor.default\">\n\t\t\t\t<div class=\"elementor-widget-container\">\n\t\t\t\t\t\t\t\t\t<h4>Lei\u00f0beiningar<\/h4><p><a title=\"S\u00e6kja lei\u00f0beiningar \" href=\"http:\/\/pottalok.is\/wp-content\/uploads\/2023\/09\/Lok.pdf\" target=\"_blank\" rel=\"noopener\">H\u00e9r er h\u00e6gt a\u00f0 s\u00e6kja lei\u00f0beiningar<\/a><\/p>\t\t\t\t\t\t\t\t<\/div>\n\t\t\t\t<\/div>\n\t\t\t\t<\/div>\n\t\t\t\t\t<\/div>\n\t\t\t\t<\/div>\n\t\t<div class=\"elementor-element elementor-element-6107a4b e-flex e-con-boxed e-con e-parent\" data-id=\"6107a4b\" data-element_type=\"container\">\n\t\t\t\t\t<div class=\"e-con-inner\">\n\t\t\t\t<div class=\"elementor-element elementor-element-3cc70ea elementor-widget elementor-widget-spacer\" data-id=\"3cc70ea\" data-element_type=\"widget\" data-widget_type=\"spacer.default\">\n\t\t\t\t<div class=\"elementor-widget-container\">\n\t\t\t\t\t\t\t<div class=\"elementor-spacer\">\n\t\t\t<div class=\"elementor-spacer-inner\"><\/div>\n\t\t<\/div>\n\t\t\t\t\t\t<\/div>\n\t\t\t\t<\/div>\n\t\t\t\t\t<\/div>\n\t\t\t\t<\/div>\n\t\t<div class=\"elementor-element elementor-element-5405401 e-flex e-con-boxed e-con e-parent\" data-id=\"5405401\" data-element_type=\"container\">\n\t\t\t\t\t<div class=\"e-con-inner\">\n\t\t\t\t<div class=\"elementor-element elementor-element-70e1803 elementor-widget elementor-widget-heading\" data-id=\"70e1803\" data-element_type=\"widget\" data-widget_type=\"heading.default\">\n\t\t\t\t<div class=\"elementor-widget-container\">\n\t\t\t\t\t<h2 class=\"elementor-heading-title elementor-size-default\">Myndir af lokunum okkar<\/h2>\t\t\t\t<\/div>\n\t\t\t\t<\/div>\n\t\t\t\t\t<\/div>\n\t\t\t\t<\/div>\n\t\t<div class=\"elementor-element elementor-element-aaa1ce6 e-flex e-con-boxed e-con e-parent\" data-id=\"aaa1ce6\" data-element_type=\"container\">\n\t\t\t\t\t<div class=\"e-con-inner\">\n\t\t\t\t<div class=\"elementor-element elementor-element-51540ed elementor-widget elementor-widget-image-gallery\" data-id=\"51540ed\" data-element_type=\"widget\" data-widget_type=\"image-gallery.default\">\n\t\t\t\t<div class=\"elementor-widget-container\">\n\t\t\t\t\t\t\t<div class=\"elementor-image-gallery\">\n\t\t\t<div id='gallery-1' class='gallery galleryid-11 gallery-columns-4 gallery-size-thumbnail'><figure class='gallery-item'>\n\t\t\t<div class='gallery-icon landscape'>\n\t\t\t\t<a data-elementor-open-lightbox=\"yes\" data-elementor-lightbox-slideshow=\"51540ed\" data-elementor-lightbox-title=\"gr\u00e6ntlok\" data-e-action-hash=\"#elementor-action%3Aaction%3Dlightbox%26settings%3DeyJpZCI6MjMsInVybCI6Imh0dHBzOlwvXC9wb3R0YWxvay5pc1wvd3AtY29udGVudFwvdXBsb2Fkc1wvMjAyM1wvMDlcL2dyYWVudGxvay1zY2FsZWQuanBnIiwic2xpZGVzaG93IjoiNTE1NDBlZCJ9\" href='https:\/\/pottalok.is\/wp-content\/uploads\/2023\/09\/graentlok-scaled.jpg'><img decoding=\"async\" width=\"150\" height=\"150\" src=\"https:\/\/pottalok.is\/wp-content\/uploads\/2023\/09\/graentlok-150x150.jpg\" class=\"attachment-thumbnail size-thumbnail\" alt=\"\" srcset=\"https:\/\/pottalok.is\/wp-content\/uploads\/2023\/09\/graentlok-150x150.jpg 150w, https:\/\/pottalok.is\/wp-content\/uploads\/2023\/09\/graentlok-800x800.jpg 800w\" sizes=\"100vw\" \/><\/a>\n\t\t\t<\/div><\/figure><figure class='gallery-item'>\n\t\t\t<div class='gallery-icon landscape'>\n\t\t\t\t<a data-elementor-open-lightbox=\"yes\" data-elementor-lightbox-slideshow=\"51540ed\" data-elementor-lightbox-title=\"folk\" data-e-action-hash=\"#elementor-action%3Aaction%3Dlightbox%26settings%3DeyJpZCI6MjIsInVybCI6Imh0dHBzOlwvXC9wb3R0YWxvay5pc1wvd3AtY29udGVudFwvdXBsb2Fkc1wvMjAyM1wvMDlcL2ZvbGsucG5nIiwic2xpZGVzaG93IjoiNTE1NDBlZCJ9\" href='https:\/\/pottalok.is\/wp-content\/uploads\/2023\/09\/folk.png'><img decoding=\"async\" width=\"150\" height=\"150\" src=\"https:\/\/pottalok.is\/wp-content\/uploads\/2023\/09\/folk-150x150.png\" class=\"attachment-thumbnail size-thumbnail\" alt=\"\" sizes=\"100vw\" \/><\/a>\n\t\t\t<\/div><\/figure><figure class='gallery-item'>\n\t\t\t<div class='gallery-icon landscape'>\n\t\t\t\t<a data-elementor-open-lightbox=\"yes\" data-elementor-lightbox-slideshow=\"51540ed\" data-elementor-lightbox-title=\"DSC_0202\" data-e-action-hash=\"#elementor-action%3Aaction%3Dlightbox%26settings%3DeyJpZCI6MjEsInVybCI6Imh0dHBzOlwvXC9wb3R0YWxvay5pc1wvd3AtY29udGVudFwvdXBsb2Fkc1wvMjAyM1wvMDlcL0RTQ18wMjAyLmpwZyIsInNsaWRlc2hvdyI6IjUxNTQwZWQifQ%3D%3D\" href='https:\/\/pottalok.is\/wp-content\/uploads\/2023\/09\/DSC_0202.jpg'><img decoding=\"async\" width=\"150\" height=\"150\" src=\"https:\/\/pottalok.is\/wp-content\/uploads\/2023\/09\/DSC_0202-150x150.jpg\" class=\"attachment-thumbnail size-thumbnail\" alt=\"\" srcset=\"https:\/\/pottalok.is\/wp-content\/uploads\/2023\/09\/DSC_0202-150x150.jpg 150w, https:\/\/pottalok.is\/wp-content\/uploads\/2023\/09\/DSC_0202-800x800.jpg 800w\" sizes=\"100vw\" \/><\/a>\n\t\t\t<\/div><\/figure><figure class='gallery-item'>\n\t\t\t<div class='gallery-icon landscape'>\n\t\t\t\t<a data-elementor-open-lightbox=\"yes\" data-elementor-lightbox-slideshow=\"51540ed\" data-elementor-lightbox-title=\"DSC_0194\" data-e-action-hash=\"#elementor-action%3Aaction%3Dlightbox%26settings%3DeyJpZCI6MjAsInVybCI6Imh0dHBzOlwvXC9wb3R0YWxvay5pc1wvd3AtY29udGVudFwvdXBsb2Fkc1wvMjAyM1wvMDlcL0RTQ18wMTk0LmpwZyIsInNsaWRlc2hvdyI6IjUxNTQwZWQifQ%3D%3D\" href='https:\/\/pottalok.is\/wp-content\/uploads\/2023\/09\/DSC_0194.jpg'><img loading=\"lazy\" decoding=\"async\" width=\"150\" height=\"150\" src=\"https:\/\/pottalok.is\/wp-content\/uploads\/2023\/09\/DSC_0194-150x150.jpg\" class=\"attachment-thumbnail size-thumbnail\" alt=\"\" srcset=\"https:\/\/pottalok.is\/wp-content\/uploads\/2023\/09\/DSC_0194-150x150.jpg 150w, https:\/\/pottalok.is\/wp-content\/uploads\/2023\/09\/DSC_0194-800x800.jpg 800w\" sizes=\"100vw\" \/><\/a>\n\t\t\t<\/div><\/figure><figure class='gallery-item'>\n\t\t\t<div class='gallery-icon landscape'>\n\t\t\t\t<a data-elementor-open-lightbox=\"yes\" data-elementor-lightbox-slideshow=\"51540ed\" data-elementor-lightbox-title=\"DSC_0132\" data-e-action-hash=\"#elementor-action%3Aaction%3Dlightbox%26settings%3DeyJpZCI6MTcsInVybCI6Imh0dHBzOlwvXC9wb3R0YWxvay5pc1wvd3AtY29udGVudFwvdXBsb2Fkc1wvMjAyM1wvMDlcL0RTQ18wMTMyLmpwZyIsInNsaWRlc2hvdyI6IjUxNTQwZWQifQ%3D%3D\" href='https:\/\/pottalok.is\/wp-content\/uploads\/2023\/09\/DSC_0132.jpg'><img loading=\"lazy\" decoding=\"async\" width=\"150\" height=\"150\" src=\"https:\/\/pottalok.is\/wp-content\/uploads\/2023\/09\/DSC_0132-150x150.jpg\" class=\"attachment-thumbnail size-thumbnail\" alt=\"\" sizes=\"100vw\" \/><\/a>\n\t\t\t<\/div><\/figure><figure class='gallery-item'>\n\t\t\t<div class='gallery-icon portrait'>\n\t\t\t\t<a data-elementor-open-lightbox=\"yes\" data-elementor-lightbox-slideshow=\"51540ed\" data-elementor-lightbox-title=\"DSC_0189\" data-e-action-hash=\"#elementor-action%3Aaction%3Dlightbox%26settings%3DeyJpZCI6MTgsInVybCI6Imh0dHBzOlwvXC9wb3R0YWxvay5pc1wvd3AtY29udGVudFwvdXBsb2Fkc1wvMjAyM1wvMDlcL0RTQ18wMTg5LmpwZyIsInNsaWRlc2hvdyI6IjUxNTQwZWQifQ%3D%3D\" href='https:\/\/pottalok.is\/wp-content\/uploads\/2023\/09\/DSC_0189.jpg'><img loading=\"lazy\" decoding=\"async\" width=\"150\" height=\"150\" src=\"https:\/\/pottalok.is\/wp-content\/uploads\/2023\/09\/DSC_0189-150x150.jpg\" class=\"attachment-thumbnail size-thumbnail\" alt=\"\" sizes=\"100vw\" \/><\/a>\n\t\t\t<\/div><\/figure><figure class='gallery-item'>\n\t\t\t<div class='gallery-icon landscape'>\n\t\t\t\t<a data-elementor-open-lightbox=\"yes\" data-elementor-lightbox-slideshow=\"51540ed\" data-elementor-lightbox-title=\"DSC_0192\" data-e-action-hash=\"#elementor-action%3Aaction%3Dlightbox%26settings%3DeyJpZCI6MTksInVybCI6Imh0dHBzOlwvXC9wb3R0YWxvay5pc1wvd3AtY29udGVudFwvdXBsb2Fkc1wvMjAyM1wvMDlcL0RTQ18wMTkyLmpwZyIsInNsaWRlc2hvdyI6IjUxNTQwZWQifQ%3D%3D\" href='https:\/\/pottalok.is\/wp-content\/uploads\/2023\/09\/DSC_0192.jpg'><img loading=\"lazy\" decoding=\"async\" width=\"150\" height=\"150\" src=\"https:\/\/pottalok.is\/wp-content\/uploads\/2023\/09\/DSC_0192-150x150.jpg\" class=\"attachment-thumbnail size-thumbnail\" alt=\"\" srcset=\"https:\/\/pottalok.is\/wp-content\/uploads\/2023\/09\/DSC_0192-150x150.jpg 150w, https:\/\/pottalok.is\/wp-content\/uploads\/2023\/09\/DSC_0192-800x800.jpg 800w\" sizes=\"100vw\" \/><\/a>\n\t\t\t<\/div><\/figure><figure class='gallery-item'>\n\t\t\t<div class='gallery-icon portrait'>\n\t\t\t\t<a data-elementor-open-lightbox=\"yes\" data-elementor-lightbox-slideshow=\"51540ed\" data-elementor-lightbox-title=\"378224036_213938668119836_6155301194691203173_n\" data-e-action-hash=\"#elementor-action%3Aaction%3Dlightbox%26settings%3DeyJpZCI6MTMyLCJ1cmwiOiJodHRwczpcL1wvcG90dGFsb2suaXNcL3dwLWNvbnRlbnRcL3VwbG9hZHNcLzIwMjNcLzA5XC8zNzgyMjQwMzZfMjEzOTM4NjY4MTE5ODM2XzYxNTUzMDExOTQ2OTEyMDMxNzNfbi5qcGciLCJzbGlkZXNob3ciOiI1MTU0MGVkIn0%3D\" href='https:\/\/pottalok.is\/wp-content\/uploads\/2023\/09\/378224036_213938668119836_6155301194691203173_n.jpg'><img loading=\"lazy\" decoding=\"async\" width=\"150\" height=\"150\" src=\"https:\/\/pottalok.is\/wp-content\/uploads\/2023\/09\/378224036_213938668119836_6155301194691203173_n-150x150.jpg\" class=\"attachment-thumbnail size-thumbnail\" alt=\"\" srcset=\"https:\/\/pottalok.is\/wp-content\/uploads\/2023\/09\/378224036_213938668119836_6155301194691203173_n-150x150.jpg 150w, https:\/\/pottalok.is\/wp-content\/uploads\/2023\/09\/378224036_213938668119836_6155301194691203173_n-800x800.jpg 800w\" sizes=\"100vw\" \/><\/a>\n\t\t\t<\/div><\/figure><figure class='gallery-item'>\n\t\t\t<div class='gallery-icon portrait'>\n\t\t\t\t<a data-elementor-open-lightbox=\"yes\" data-elementor-lightbox-slideshow=\"51540ed\" data-elementor-lightbox-title=\"377814075_964714127952857_4337944335892118820_n\" data-e-action-hash=\"#elementor-action%3Aaction%3Dlightbox%26settings%3DeyJpZCI6MTMzLCJ1cmwiOiJodHRwczpcL1wvcG90dGFsb2suaXNcL3dwLWNvbnRlbnRcL3VwbG9hZHNcLzIwMjNcLzA5XC8zNzc4MTQwNzVfOTY0NzE0MTI3OTUyODU3XzQzMzc5NDQzMzU4OTIxMTg4MjBfbi5qcGciLCJzbGlkZXNob3ciOiI1MTU0MGVkIn0%3D\" href='https:\/\/pottalok.is\/wp-content\/uploads\/2023\/09\/377814075_964714127952857_4337944335892118820_n.jpg'><img loading=\"lazy\" decoding=\"async\" width=\"150\" height=\"150\" src=\"https:\/\/pottalok.is\/wp-content\/uploads\/2023\/09\/377814075_964714127952857_4337944335892118820_n-150x150.jpg\" class=\"attachment-thumbnail size-thumbnail\" alt=\"\" srcset=\"https:\/\/pottalok.is\/wp-content\/uploads\/2023\/09\/377814075_964714127952857_4337944335892118820_n-150x150.jpg 150w, https:\/\/pottalok.is\/wp-content\/uploads\/2023\/09\/377814075_964714127952857_4337944335892118820_n-800x800.jpg 800w\" sizes=\"100vw\" \/><\/a>\n\t\t\t<\/div><\/figure><figure class='gallery-item'>\n\t\t\t<div class='gallery-icon portrait'>\n\t\t\t\t<a data-elementor-open-lightbox=\"yes\" data-elementor-lightbox-slideshow=\"51540ed\" data-elementor-lightbox-title=\"377804073_291610793504261_1948829887817394408_n\" data-e-action-hash=\"#elementor-action%3Aaction%3Dlightbox%26settings%3DeyJpZCI6MTM0LCJ1cmwiOiJodHRwczpcL1wvcG90dGFsb2suaXNcL3dwLWNvbnRlbnRcL3VwbG9hZHNcLzIwMjNcLzA5XC8zNzc4MDQwNzNfMjkxNjEwNzkzNTA0MjYxXzE5NDg4Mjk4ODc4MTczOTQ0MDhfbi5qcGciLCJzbGlkZXNob3ciOiI1MTU0MGVkIn0%3D\" href='https:\/\/pottalok.is\/wp-content\/uploads\/2023\/09\/377804073_291610793504261_1948829887817394408_n.jpg'><img loading=\"lazy\" decoding=\"async\" width=\"150\" height=\"150\" src=\"https:\/\/pottalok.is\/wp-content\/uploads\/2023\/09\/377804073_291610793504261_1948829887817394408_n-150x150.jpg\" class=\"attachment-thumbnail size-thumbnail\" alt=\"\" srcset=\"https:\/\/pottalok.is\/wp-content\/uploads\/2023\/09\/377804073_291610793504261_1948829887817394408_n-150x150.jpg 150w, https:\/\/pottalok.is\/wp-content\/uploads\/2023\/09\/377804073_291610793504261_1948829887817394408_n-800x800.jpg 800w\" sizes=\"100vw\" \/><\/a>\n\t\t\t<\/div><\/figure><figure class='gallery-item'>\n\t\t\t<div class='gallery-icon portrait'>\n\t\t\t\t<a data-elementor-open-lightbox=\"yes\" data-elementor-lightbox-slideshow=\"51540ed\" data-elementor-lightbox-title=\"378013049_208198998760811_5327304614806053897_n\" data-e-action-hash=\"#elementor-action%3Aaction%3Dlightbox%26settings%3DeyJpZCI6MTM1LCJ1cmwiOiJodHRwczpcL1wvcG90dGFsb2suaXNcL3dwLWNvbnRlbnRcL3VwbG9hZHNcLzIwMjNcLzA5XC8zNzgwMTMwNDlfMjA4MTk4OTk4NzYwODExXzUzMjczMDQ2MTQ4MDYwNTM4OTdfbi5qcGciLCJzbGlkZXNob3ciOiI1MTU0MGVkIn0%3D\" href='https:\/\/pottalok.is\/wp-content\/uploads\/2023\/09\/378013049_208198998760811_5327304614806053897_n.jpg'><img loading=\"lazy\" decoding=\"async\" width=\"150\" height=\"150\" src=\"https:\/\/pottalok.is\/wp-content\/uploads\/2023\/09\/378013049_208198998760811_5327304614806053897_n-150x150.jpg\" class=\"attachment-thumbnail size-thumbnail\" alt=\"\" srcset=\"https:\/\/pottalok.is\/wp-content\/uploads\/2023\/09\/378013049_208198998760811_5327304614806053897_n-150x150.jpg 150w, https:\/\/pottalok.is\/wp-content\/uploads\/2023\/09\/378013049_208198998760811_5327304614806053897_n-800x800.jpg 800w\" sizes=\"100vw\" \/><\/a>\n\t\t\t<\/div><\/figure>\n\t\t<\/div>\n\t\t<\/div>\n\t\t\t\t\t\t<\/div>\n\t\t\t\t<\/div>\n\t\t\t\t\t<\/div>\n\t\t\t\t<\/div>\n\t\t\t\t<\/div>\n\t\t","protected":false},"excerpt":{"rendered":"<p>Hvernig m\u00e6lum vi\u00f0 fyrir loki ? Hva\u00f0a verkf\u00e6ri \u00fearf \u00e9g Til a\u00f0 m\u00e6la fyrir n\u00fdju loki er \u00fe\u00e1 \u00fearf a\u00f0 vera me\u00f0 vi\u00f0 h\u00f6ndina\u00a0m\u00e1lband, bl\u00fdant og bla\u00f0. \u00f6nnur verkf\u00e6ri Ef potturinn hefur r\u00fanu\u00f0 horn er einnig gott a\u00f0 hafa\u00a0vinkil\u00a0vi\u00f0 h\u00f6ndina til a\u00f0 m\u00e6la rad\u00edusinn \u00e1 lokinu. Skref 1 Ef ytra byr\u00f0i pottsins hefur br\u00fan sem &hellip; <\/p>\n<p class=\"link-more\"><a href=\"https:\/\/pottalok.is\/\" class=\"more-link\">Read more<span class=\"screen-reader-text\"> &#8220;Pottalok&#8221;<\/span><\/a><\/p>\n","protected":false},"author":1,"featured_media":10,"parent":0,"menu_order":0,"comment_status":"closed","ping_status":"closed","template":"","meta":{"footnotes":""},"class_list":["post-11","page","type-page","status-publish","has-post-thumbnail","hentry"],"_links":{"self":[{"href":"https:\/\/pottalok.is\/index.php?rest_route=\/wp\/v2\/pages\/11","targetHints":{"allow":["GET"]}}],"collection":[{"href":"https:\/\/pottalok.is\/index.php?rest_route=\/wp\/v2\/pages"}],"about":[{"href":"https:\/\/pottalok.is\/index.php?rest_route=\/wp\/v2\/types\/page"}],"author":[{"embeddable":true,"href":"https:\/\/pottalok.is\/index.php?rest_route=\/wp\/v2\/users\/1"}],"replies":[{"embeddable":true,"href":"https:\/\/pottalok.is\/index.php?rest_route=%2Fwp%2Fv2%2Fcomments&post=11"}],"version-history":[{"count":62,"href":"https:\/\/pottalok.is\/index.php?rest_route=\/wp\/v2\/pages\/11\/revisions"}],"predecessor-version":[{"id":138,"href":"https:\/\/pottalok.is\/index.php?rest_route=\/wp\/v2\/pages\/11\/revisions\/138"}],"wp:featuredmedia":[{"embeddable":true,"href":"https:\/\/pottalok.is\/index.php?rest_route=\/wp\/v2\/media\/10"}],"wp:attachment":[{"href":"https:\/\/pottalok.is\/index.php?rest_route=%2Fwp%2Fv2%2Fmedia&parent=11"}],"curies":[{"name":"wp","href":"https:\/\/api.w.org\/{rel}","templated":true}]}}